{"id":372,"date":"2018-10-23T14:06:19","date_gmt":"2018-10-23T12:06:19","guid":{"rendered":"https:\/\/eloquentmultimedia.hr\/index.php\/home\/"},"modified":"2026-02-27T19:49:56","modified_gmt":"2026-02-27T18:49:56","slug":"home","status":"publish","type":"page","link":"https:\/\/eloquentmultimedia.hr\/","title":{"rendered":"Home"},"content":{"rendered":"<!-- wp:themify-builder\/canvas \/-->\n\n<!--themify_builder_static--><h2>Hello<\/h2>\n<h3>Dobro do\u0161li u EloquentMultiMediu!<\/h3>\n<a href=\"#kontakt\"> Kontakt <\/a>\n<img decoding=\"async\" src=\"https:\/\/eloquentmultimedia.hr\/wp-content\/uploads\/2026\/02\/faca-1.png\" title=\"faca\" alt=\"faca\" srcset=\"https:\/\/eloquentmultimedia.hr\/wp-content\/uploads\/2026\/02\/faca-1.png 745w, https:\/\/eloquentmultimedia.hr\/wp-content\/uploads\/2026\/02\/faca-1-263x300.png 263w\" sizes=\"(max-width: 745px) 100vw, 745px\" \/>\n<h2>O nama<\/h2>\n<p>Sed ut perspiciatis unde omnis iste natus error sit voluptatem accusantium quae ab illo inventore dicta<\/p>\n<a href=\"#kontakt\"> Kontakt <\/a>\n<img loading=\"lazy\" decoding=\"async\" src=\"https:\/\/eloquentmultimedia.hr\/wp-content\/uploads\/2026\/02\/about-bw-417x534.jpg\" width=\"417\" height=\"534\" title=\"think\" alt=\"think\" srcset=\"https:\/\/eloquentmultimedia.hr\/wp-content\/uploads\/2026\/02\/about-bw.jpg 417w, https:\/\/eloquentmultimedia.hr\/wp-content\/uploads\/2026\/02\/about-bw-234x300.jpg 234w\" sizes=\"auto, (max-width: 417px) 100vw, 417px\" \/>\n<h2>Usluge<\/h2>\n<img loading=\"lazy\" decoding=\"async\" src=\"https:\/\/eloquentmultimedia.hr\/wp-content\/uploads\/2026\/02\/seo-468x235.jpg\" width=\"468\" height=\"235\" title=\"Design\" alt=\"Design\"> <h3> Design <\/h3>\n<img loading=\"lazy\" decoding=\"async\" src=\"https:\/\/eloquentmultimedia.hr\/wp-content\/uploads\/2026\/02\/design-478x298.jpg\" width=\"478\" height=\"298\" title=\"Multimedija\" alt=\"Multimedija\"> <h3> Multimedija <\/h3>\n<img loading=\"lazy\" decoding=\"async\" src=\"https:\/\/eloquentmultimedia.hr\/wp-content\/uploads\/2026\/02\/web-346x276.jpg\" width=\"346\" height=\"276\" title=\"Video\" alt=\"Video\" srcset=\"https:\/\/eloquentmultimedia.hr\/wp-content\/uploads\/2026\/02\/web.jpg 346w, https:\/\/eloquentmultimedia.hr\/wp-content\/uploads\/2026\/02\/web-300x239.jpg 300w\" sizes=\"auto, (max-width: 346px) 100vw, 346px\" \/> <h3> Video <\/h3>\n<img loading=\"lazy\" decoding=\"async\" src=\"https:\/\/eloquentmultimedia.hr\/wp-content\/uploads\/2026\/02\/marketing-344x167.jpg\" width=\"344\" height=\"167\" title=\"Promocije\" alt=\"Promocije\" srcset=\"https:\/\/eloquentmultimedia.hr\/wp-content\/uploads\/2026\/02\/marketing.jpg 344w, https:\/\/eloquentmultimedia.hr\/wp-content\/uploads\/2026\/02\/marketing-300x146.jpg 300w\" sizes=\"auto, (max-width: 344px) 100vw, 344px\" \/> <h3> Promocije <\/h3>\n<h1>Portfolio<\/h1>\n<h2>Kontakt<\/h2>\n<form id=\"tb_0vqu772-form\" method=\"post\" data-post-id=\"0\" data-element-id=\"0vqu772\" data-orig-id=\"\" > <label for=\"tb_0vqu772-contact-name\"> Va\u0161e ime * <\/label> <input type=\"text\" name=\"contact-name\" placeholder=\" \" id=\"tb_0vqu772-contact-name\" value=\"\" required> Va\u0161e ime * <label for=\"field_extra_tb_0vqu772_0\"> Grad <input type=\"hidden\" name=\"field_extra_name_0\" value=\"Grad\"> * <\/label> <input type=\"text\" name=\"field_extra_0\" id=\"field_extra_tb_0vqu772_0\" placeholder=\" \" required> Grad * <label for=\"tb_0vqu772-contact-email\"> Va\u0161 eMail * <\/label> <input type=\"email\" name=\"contact-email\" placeholder=\" \" id=\"tb_0vqu772-contact-email\" value=\"\" required> Va\u0161 eMail * <label for=\"tb_0vqu772-contact-subject\"> Naslov * <\/label> <input type=\"text\" name=\"contact-subject\" placeholder=\" \" id=\"tb_0vqu772-contact-subject\" value=\"\" required> Naslov * <label for=\"tb_0vqu772-contact-message\"> Poruka <\/label> <textarea name=\"contact-message\" placeholder=\" \" id=\"tb_0vqu772-contact-message\"><\/textarea> Poruka <button type=\"submit\"> <svg aria-hidden=\"true\"><use href=\"#tf-fas-envelope-open-text\"><\/use><\/svg> Po\u0161alji <\/button> <\/form>\n<h4>\u00a0 \u00a0Kontaktirajte nas za vi\u0161e informacija.<\/h4><!--\/themify_builder_static-->","protected":false},"excerpt":{"rendered":"<p>Hello Dobro do\u0161li u EloquentMultiMediu! Kontakt O nama Sed ut perspiciatis unde omnis iste natus error sit voluptatem accusantium quae ab illo inventore dicta Kontakt Usluge Design Multimedija Video Promocije Portfolio Kontakt Va\u0161e ime * Va\u0161e ime * Grad * Grad * Va\u0161 eMail * Va\u0161 eMail * Naslov * Naslov * Poruka Poruka Po\u0161alji [&hellip;]<\/p>\n","protected":false},"author":1,"featured_media":0,"parent":0,"menu_order":0,"comment_status":"closed","ping_status":"closed","template":"","meta":{"footnotes":""},"class_list":["post-372","page","type-page","status-publish","hentry","has-post-title","has-post-date","has-post-category","has-post-tag","has-post-comment","has-post-author",""],"builder_content":"<h2>Hello<\/h2>\n<h3>Dobro do\u0161li u EloquentMultiMediu!<\/h3>\n<img src=\"https:\/\/eloquentmultimedia.hr\/wp-content\/uploads\/2026\/02\/faca-1.png\" title=\"faca\" alt=\"faca\" srcset=\"https:\/\/eloquentmultimedia.hr\/wp-content\/uploads\/2026\/02\/faca-1.png 745w, https:\/\/eloquentmultimedia.hr\/wp-content\/uploads\/2026\/02\/faca-1-263x300.png 263w\" sizes=\"(max-width: 745px) 100vw, 745px\" \/>\n<h2>O nama<\/h2>\n<p>Sed ut perspiciatis unde omnis iste natus error sit voluptatem accusantium quae ab illo inventore dicta<\/p>\n<img src=\"https:\/\/eloquentmultimedia.hr\/wp-content\/uploads\/2026\/02\/about-bw-417x534.jpg\" width=\"417\" height=\"534\" title=\"think\" alt=\"think\" srcset=\"https:\/\/eloquentmultimedia.hr\/wp-content\/uploads\/2026\/02\/about-bw.jpg 417w, https:\/\/eloquentmultimedia.hr\/wp-content\/uploads\/2026\/02\/about-bw-234x300.jpg 234w\" sizes=\"(max-width: 417px) 100vw, 417px\" \/>\n<h2>Usluge<\/h2>\n<img src=\"https:\/\/eloquentmultimedia.hr\/wp-content\/uploads\/2026\/02\/seo-468x235.jpg\" width=\"468\" height=\"235\" title=\"Design\" alt=\"Design\"> <h3> Design <\/h3>\n<img src=\"https:\/\/eloquentmultimedia.hr\/wp-content\/uploads\/2026\/02\/design-478x298.jpg\" width=\"478\" height=\"298\" title=\"Multimedija\" alt=\"Multimedija\"> <h3> Multimedija <\/h3>\n<img src=\"https:\/\/eloquentmultimedia.hr\/wp-content\/uploads\/2026\/02\/web-346x276.jpg\" width=\"346\" height=\"276\" title=\"Video\" alt=\"Video\" srcset=\"https:\/\/eloquentmultimedia.hr\/wp-content\/uploads\/2026\/02\/web.jpg 346w, https:\/\/eloquentmultimedia.hr\/wp-content\/uploads\/2026\/02\/web-300x239.jpg 300w\" sizes=\"(max-width: 346px) 100vw, 346px\" \/> <h3> Video <\/h3>\n<img src=\"https:\/\/eloquentmultimedia.hr\/wp-content\/uploads\/2026\/02\/marketing-344x167.jpg\" width=\"344\" height=\"167\" title=\"Promocije\" alt=\"Promocije\" srcset=\"https:\/\/eloquentmultimedia.hr\/wp-content\/uploads\/2026\/02\/marketing.jpg 344w, https:\/\/eloquentmultimedia.hr\/wp-content\/uploads\/2026\/02\/marketing-300x146.jpg 300w\" sizes=\"(max-width: 344px) 100vw, 344px\" \/> <h3> Promocije <\/h3>\n<h1>Portfolio<\/h1>\n<h2>Kontakt<\/h2>\n<h4>\u00a0 \u00a0Kontaktirajte nas za vi\u0161e informacija.<\/h4>","_links":{"self":[{"href":"https:\/\/eloquentmultimedia.hr\/index.php?rest_route=\/wp\/v2\/pages\/372","targetHints":{"allow":["GET"]}}],"collection":[{"href":"https:\/\/eloquentmultimedia.hr\/index.php?rest_route=\/wp\/v2\/pages"}],"about":[{"href":"https:\/\/eloquentmultimedia.hr\/index.php?rest_route=\/wp\/v2\/types\/page"}],"author":[{"embeddable":true,"href":"https:\/\/eloquentmultimedia.hr\/index.php?rest_route=\/wp\/v2\/users\/1"}],"replies":[{"embeddable":true,"href":"https:\/\/eloquentmultimedia.hr\/index.php?rest_route=%2Fwp%2Fv2%2Fcomments&post=372"}],"version-history":[{"count":134,"href":"https:\/\/eloquentmultimedia.hr\/index.php?rest_route=\/wp\/v2\/pages\/372\/revisions"}],"predecessor-version":[{"id":650,"href":"https:\/\/eloquentmultimedia.hr\/index.php?rest_route=\/wp\/v2\/pages\/372\/revisions\/650"}],"wp:attachment":[{"href":"https:\/\/eloquentmultimedia.hr\/index.php?rest_route=%2Fwp%2Fv2%2Fmedia&parent=372"}],"curies":[{"name":"wp","href":"https:\/\/api.w.org\/{rel}","templated":true}]}}